{"id":26897,"date":"2026-03-12T17:49:50","date_gmt":"2026-03-12T16:49:50","guid":{"rendered":"https:\/\/ilar.com.al\/product\/heidelberg-speed-master-four-colours\/"},"modified":"2026-03-13T13:55:50","modified_gmt":"2026-03-13T12:55:50","slug":"heidelberg-speed-master-four-colours","status":"publish","type":"product","link":"https:\/\/ilar.com.al\/sq\/product\/heidelberg-speed-master-four-colours\/","title":{"rendered":"Heidelberg Speed Master Four Colours"},"content":{"rendered":"","protected":false},"excerpt":{"rendered":"<p style=\"text-align: justify;\">Heidelberg Speedmaster Four Colours \u00ebsht\u00eb nj\u00eb makin\u00eb industriale offset me performanc\u00eb t\u00eb lart\u00eb, e projektuar p\u00ebr cil\u00ebsi dhe efikasitet. Ajo ofron sakt\u00ebsi t\u00eb shk\u00eblqyer t\u00eb ngjyrave, funksionim t\u00eb q\u00ebndruesh\u00ebm dhe \u00ebsht\u00eb ideale p\u00ebr sht\u00ebpit\u00eb botuese q\u00eb k\u00ebrkojn\u00eb produktivitet t\u00eb lart\u00eb dhe rezultate profesionale.<\/p>\n","protected":false},"featured_media":26268,"template":"","meta":[],"product_brand":[],"product_cat":[116],"product_tag":[],"class_list":{"0":"post-26897","1":"product","2":"type-product","3":"status-publish","4":"has-post-thumbnail","6":"product_cat-printing-machines-sq","8":"first","9":"instock","10":"shipping-taxable","11":"product-type-simple"},"yoast_head":"<!-- This site is optimized with the Yoast SEO plugin v27.4 - https:\/\/yoast.com\/product\/yoast-seo-wordpress\/ -->\n<title>Heidelberg Speed Master Four Colours - Shtypshkronja Ilar<\/title>\n<meta name=\"robots\" content=\"index, follow, max-snippet:-1, max-image-preview:large, max-video-preview:-1\" \/>\n<link rel=\"canonical\" href=\"https:\/\/ilar.com.al\/sq\/product\/heidelberg-speed-master-four-colours\/\" \/>\n<meta property=\"og:locale\" content=\"sq_AL\" \/>\n<meta property=\"og:type\" content=\"article\" \/>\n<meta property=\"og:title\" content=\"Heidelberg Speed Master Four Colours - Shtypshkronja Ilar\" \/>\n<meta property=\"og:description\" content=\"Heidelberg Speedmaster Four Colours \u00ebsht\u00eb nj\u00eb makin\u00eb industriale offset me performanc\u00eb t\u00eb lart\u00eb, e projektuar p\u00ebr cil\u00ebsi dhe efikasitet. Ajo ofron sakt\u00ebsi t\u00eb shk\u00eblqyer t\u00eb ngjyrave, funksionim t\u00eb q\u00ebndruesh\u00ebm dhe \u00ebsht\u00eb ideale p\u00ebr sht\u00ebpit\u00eb botuese q\u00eb k\u00ebrkojn\u00eb produktivitet t\u00eb lart\u00eb dhe rezultate profesionale.\" \/>\n<meta property=\"og:url\" content=\"https:\/\/ilar.com.al\/sq\/product\/heidelberg-speed-master-four-colours\/\" \/>\n<meta property=\"og:site_name\" content=\"Shtypshkronja Ilar\" \/>\n<meta property=\"article:publisher\" content=\"https:\/\/www.facebook.com\/shtypshkronja.ilar\" \/>\n<meta property=\"article:modified_time\" content=\"2026-03-13T12:55:50+00:00\" \/>\n<meta property=\"og:image\" content=\"https:\/\/ilar.com.al\/wp-content\/uploads\/2026\/02\/400011.png\" \/>\n\t<meta property=\"og:image:width\" content=\"1280\" \/>\n\t<meta property=\"og:image:height\" content=\"960\" \/>\n\t<meta property=\"og:image:type\" content=\"image\/png\" \/>\n<meta name=\"twitter:card\" content=\"summary_large_image\" \/>\n<script type=\"application\/ld+json\" class=\"yoast-schema-graph\">{\"@context\":\"https:\\\/\\\/schema.org\",\"@graph\":[{\"@type\":\"WebPage\",\"@id\":\"https:\\\/\\\/ilar.com.al\\\/sq\\\/product\\\/heidelberg-speed-master-four-colours\\\/\",\"url\":\"https:\\\/\\\/ilar.com.al\\\/sq\\\/product\\\/heidelberg-speed-master-four-colours\\\/\",\"name\":\"Heidelberg Speed Master Four Colours - Shtypshkronja Ilar\",\"isPartOf\":{\"@id\":\"https:\\\/\\\/ilar.com.al\\\/#website\"},\"primaryImageOfPage\":{\"@id\":\"https:\\\/\\\/ilar.com.al\\\/sq\\\/product\\\/heidelberg-speed-master-four-colours\\\/#primaryimage\"},\"image\":{\"@id\":\"https:\\\/\\\/ilar.com.al\\\/sq\\\/product\\\/heidelberg-speed-master-four-colours\\\/#primaryimage\"},\"thumbnailUrl\":\"https:\\\/\\\/ilar.com.al\\\/wp-content\\\/uploads\\\/2026\\\/02\\\/400011.png\",\"datePublished\":\"2026-03-12T16:49:50+00:00\",\"dateModified\":\"2026-03-13T12:55:50+00:00\",\"breadcrumb\":{\"@id\":\"https:\\\/\\\/ilar.com.al\\\/sq\\\/product\\\/heidelberg-speed-master-four-colours\\\/#breadcrumb\"},\"inLanguage\":\"sq-AL\",\"potentialAction\":[{\"@type\":\"ReadAction\",\"target\":[\"https:\\\/\\\/ilar.com.al\\\/sq\\\/product\\\/heidelberg-speed-master-four-colours\\\/\"]}]},{\"@type\":\"ImageObject\",\"inLanguage\":\"sq-AL\",\"@id\":\"https:\\\/\\\/ilar.com.al\\\/sq\\\/product\\\/heidelberg-speed-master-four-colours\\\/#primaryimage\",\"url\":\"https:\\\/\\\/ilar.com.al\\\/wp-content\\\/uploads\\\/2026\\\/02\\\/400011.png\",\"contentUrl\":\"https:\\\/\\\/ilar.com.al\\\/wp-content\\\/uploads\\\/2026\\\/02\\\/400011.png\",\"width\":1280,\"height\":960},{\"@type\":\"BreadcrumbList\",\"@id\":\"https:\\\/\\\/ilar.com.al\\\/sq\\\/product\\\/heidelberg-speed-master-four-colours\\\/#breadcrumb\",\"itemListElement\":[{\"@type\":\"ListItem\",\"position\":1,\"name\":\"Home\",\"item\":\"https:\\\/\\\/ilar.com.al\\\/sq\\\/\"},{\"@type\":\"ListItem\",\"position\":2,\"name\":\"Products\",\"item\":\"https:\\\/\\\/ilar.com.al\\\/shop\\\/\"},{\"@type\":\"ListItem\",\"position\":3,\"name\":\"Heidelberg Speed Master Four Colours\"}]},{\"@type\":\"WebSite\",\"@id\":\"https:\\\/\\\/ilar.com.al\\\/#website\",\"url\":\"https:\\\/\\\/ilar.com.al\\\/\",\"name\":\"Shtypshkronja ilar\",\"description\":\"\",\"publisher\":{\"@id\":\"https:\\\/\\\/ilar.com.al\\\/#organization\"},\"potentialAction\":[{\"@type\":\"SearchAction\",\"target\":{\"@type\":\"EntryPoint\",\"urlTemplate\":\"https:\\\/\\\/ilar.com.al\\\/?s={search_term_string}\"},\"query-input\":{\"@type\":\"PropertyValueSpecification\",\"valueRequired\":true,\"valueName\":\"search_term_string\"}}],\"inLanguage\":\"sq-AL\"},{\"@type\":\"Organization\",\"@id\":\"https:\\\/\\\/ilar.com.al\\\/#organization\",\"name\":\"Shtypshkronja ilar\",\"url\":\"https:\\\/\\\/ilar.com.al\\\/\",\"logo\":{\"@type\":\"ImageObject\",\"inLanguage\":\"sq-AL\",\"@id\":\"https:\\\/\\\/ilar.com.al\\\/#\\\/schema\\\/logo\\\/image\\\/\",\"url\":\"https:\\\/\\\/ilar.com.al\\\/wp-content\\\/uploads\\\/2026\\\/02\\\/Logo-Ilar.png\",\"contentUrl\":\"https:\\\/\\\/ilar.com.al\\\/wp-content\\\/uploads\\\/2026\\\/02\\\/Logo-Ilar.png\",\"width\":395,\"height\":94,\"caption\":\"Shtypshkronja ilar\"},\"image\":{\"@id\":\"https:\\\/\\\/ilar.com.al\\\/#\\\/schema\\\/logo\\\/image\\\/\"},\"sameAs\":[\"https:\\\/\\\/www.facebook.com\\\/shtypshkronja.ilar\",\"https:\\\/\\\/www.instagram.com\\\/shtypshkronja_ilar\\\/\"]}]}<\/script>\n<!-- \/ Yoast SEO plugin. -->","yoast_head_json":{"title":"Heidelberg Speed Master Four Colours - Shtypshkronja Ilar","robots":{"index":"index","follow":"follow","max-snippet":"max-snippet:-1","max-image-preview":"max-image-preview:large","max-video-preview":"max-video-preview:-1"},"canonical":"https:\/\/ilar.com.al\/sq\/product\/heidelberg-speed-master-four-colours\/","og_locale":"sq_AL","og_type":"article","og_title":"Heidelberg Speed Master Four Colours - Shtypshkronja Ilar","og_description":"Heidelberg Speedmaster Four Colours \u00ebsht\u00eb nj\u00eb makin\u00eb industriale offset me performanc\u00eb t\u00eb lart\u00eb, e projektuar p\u00ebr cil\u00ebsi dhe efikasitet. Ajo ofron sakt\u00ebsi t\u00eb shk\u00eblqyer t\u00eb ngjyrave, funksionim t\u00eb q\u00ebndruesh\u00ebm dhe \u00ebsht\u00eb ideale p\u00ebr sht\u00ebpit\u00eb botuese q\u00eb k\u00ebrkojn\u00eb produktivitet t\u00eb lart\u00eb dhe rezultate profesionale.","og_url":"https:\/\/ilar.com.al\/sq\/product\/heidelberg-speed-master-four-colours\/","og_site_name":"Shtypshkronja Ilar","article_publisher":"https:\/\/www.facebook.com\/shtypshkronja.ilar","article_modified_time":"2026-03-13T12:55:50+00:00","og_image":[{"width":1280,"height":960,"url":"https:\/\/ilar.com.al\/wp-content\/uploads\/2026\/02\/400011.png","type":"image\/png"}],"twitter_card":"summary_large_image","schema":{"@context":"https:\/\/schema.org","@graph":[{"@type":"WebPage","@id":"https:\/\/ilar.com.al\/sq\/product\/heidelberg-speed-master-four-colours\/","url":"https:\/\/ilar.com.al\/sq\/product\/heidelberg-speed-master-four-colours\/","name":"Heidelberg Speed Master Four Colours - Shtypshkronja Ilar","isPartOf":{"@id":"https:\/\/ilar.com.al\/#website"},"primaryImageOfPage":{"@id":"https:\/\/ilar.com.al\/sq\/product\/heidelberg-speed-master-four-colours\/#primaryimage"},"image":{"@id":"https:\/\/ilar.com.al\/sq\/product\/heidelberg-speed-master-four-colours\/#primaryimage"},"thumbnailUrl":"https:\/\/ilar.com.al\/wp-content\/uploads\/2026\/02\/400011.png","datePublished":"2026-03-12T16:49:50+00:00","dateModified":"2026-03-13T12:55:50+00:00","breadcrumb":{"@id":"https:\/\/ilar.com.al\/sq\/product\/heidelberg-speed-master-four-colours\/#breadcrumb"},"inLanguage":"sq-AL","potentialAction":[{"@type":"ReadAction","target":["https:\/\/ilar.com.al\/sq\/product\/heidelberg-speed-master-four-colours\/"]}]},{"@type":"ImageObject","inLanguage":"sq-AL","@id":"https:\/\/ilar.com.al\/sq\/product\/heidelberg-speed-master-four-colours\/#primaryimage","url":"https:\/\/ilar.com.al\/wp-content\/uploads\/2026\/02\/400011.png","contentUrl":"https:\/\/ilar.com.al\/wp-content\/uploads\/2026\/02\/400011.png","width":1280,"height":960},{"@type":"BreadcrumbList","@id":"https:\/\/ilar.com.al\/sq\/product\/heidelberg-speed-master-four-colours\/#breadcrumb","itemListElement":[{"@type":"ListItem","position":1,"name":"Home","item":"https:\/\/ilar.com.al\/sq\/"},{"@type":"ListItem","position":2,"name":"Products","item":"https:\/\/ilar.com.al\/shop\/"},{"@type":"ListItem","position":3,"name":"Heidelberg Speed Master Four Colours"}]},{"@type":"WebSite","@id":"https:\/\/ilar.com.al\/#website","url":"https:\/\/ilar.com.al\/","name":"Shtypshkronja ilar","description":"","publisher":{"@id":"https:\/\/ilar.com.al\/#organization"},"potentialAction":[{"@type":"SearchAction","target":{"@type":"EntryPoint","urlTemplate":"https:\/\/ilar.com.al\/?s={search_term_string}"},"query-input":{"@type":"PropertyValueSpecification","valueRequired":true,"valueName":"search_term_string"}}],"inLanguage":"sq-AL"},{"@type":"Organization","@id":"https:\/\/ilar.com.al\/#organization","name":"Shtypshkronja ilar","url":"https:\/\/ilar.com.al\/","logo":{"@type":"ImageObject","inLanguage":"sq-AL","@id":"https:\/\/ilar.com.al\/#\/schema\/logo\/image\/","url":"https:\/\/ilar.com.al\/wp-content\/uploads\/2026\/02\/Logo-Ilar.png","contentUrl":"https:\/\/ilar.com.al\/wp-content\/uploads\/2026\/02\/Logo-Ilar.png","width":395,"height":94,"caption":"Shtypshkronja ilar"},"image":{"@id":"https:\/\/ilar.com.al\/#\/schema\/logo\/image\/"},"sameAs":["https:\/\/www.facebook.com\/shtypshkronja.ilar","https:\/\/www.instagram.com\/shtypshkronja_ilar\/"]}]}},"_links":{"self":[{"href":"https:\/\/ilar.com.al\/sq\/wp-json\/wp\/v2\/product\/26897","targetHints":{"allow":["GET"]}}],"collection":[{"href":"https:\/\/ilar.com.al\/sq\/wp-json\/wp\/v2\/product"}],"about":[{"href":"https:\/\/ilar.com.al\/sq\/wp-json\/wp\/v2\/types\/product"}],"version-history":[{"count":3,"href":"https:\/\/ilar.com.al\/sq\/wp-json\/wp\/v2\/product\/26897\/revisions"}],"predecessor-version":[{"id":27028,"href":"https:\/\/ilar.com.al\/sq\/wp-json\/wp\/v2\/product\/26897\/revisions\/27028"}],"wp:featuredmedia":[{"embeddable":true,"href":"https:\/\/ilar.com.al\/sq\/wp-json\/wp\/v2\/media\/26268"}],"wp:attachment":[{"href":"https:\/\/ilar.com.al\/sq\/wp-json\/wp\/v2\/media?parent=26897"}],"wp:term":[{"taxonomy":"product_brand","embeddable":true,"href":"https:\/\/ilar.com.al\/sq\/wp-json\/wp\/v2\/product_brand?post=26897"},{"taxonomy":"product_cat","embeddable":true,"href":"https:\/\/ilar.com.al\/sq\/wp-json\/wp\/v2\/product_cat?post=26897"},{"taxonomy":"product_tag","embeddable":true,"href":"https:\/\/ilar.com.al\/sq\/wp-json\/wp\/v2\/product_tag?post=26897"}],"curies":[{"name":"wp","href":"https:\/\/api.w.org\/{rel}","templated":true}]}}