{"id":26872,"date":"2026-02-24T17:36:43","date_gmt":"2026-02-24T16:36:43","guid":{"rendered":"https:\/\/ilar.com.al\/product\/certificates-diploma-covers\/"},"modified":"2026-03-09T23:54:02","modified_gmt":"2026-03-09T22:54:02","slug":"printim-certifikata-diploma","status":"publish","type":"product","link":"https:\/\/ilar.com.al\/sq\/product\/printim-certifikata-diploma\/","title":{"rendered":"Certifikata &#038; Diploma"},"content":{"rendered":"","protected":false},"excerpt":{"rendered":"<p>Mbulesa p\u00ebr certifikata dhe diploma me cil\u00ebsi t\u00eb lart\u00eb, t\u00eb dizajnuara p\u00ebr t\u00eb paraqitur arritjet me eleganc\u00eb dhe profesionaliz\u00ebm. T\u00eb p\u00ebrsosura p\u00ebr shkolla, institucione dhe \u00e7mime korporative. T\u00eb disponueshme n\u00eb materiale premium, madh\u00ebsi dhe p\u00ebrfundime t\u00eb ndryshme.<\/p>\n","protected":false},"featured_media":26238,"template":"","meta":[],"product_brand":[],"product_cat":[115],"product_tag":[],"class_list":{"0":"post-26872","1":"product","2":"type-product","3":"status-publish","4":"has-post-thumbnail","6":"product_cat-printing-products-sq","8":"first","9":"instock","10":"shipping-taxable","11":"product-type-simple"},"yoast_head":"<!-- This site is optimized with the Yoast SEO plugin v27.4 - https:\/\/yoast.com\/product\/yoast-seo-wordpress\/ -->\n<title>Certifikata &amp; Diploma - Shtypshkronja Ilar<\/title>\n<meta name=\"robots\" content=\"index, follow, max-snippet:-1, max-image-preview:large, max-video-preview:-1\" \/>\n<link rel=\"canonical\" href=\"https:\/\/ilar.com.al\/sq\/product\/printim-certifikata-diploma\/\" \/>\n<meta property=\"og:locale\" content=\"sq_AL\" \/>\n<meta property=\"og:type\" content=\"article\" \/>\n<meta property=\"og:title\" content=\"Certifikata &amp; Diploma - Shtypshkronja Ilar\" \/>\n<meta property=\"og:description\" content=\"Mbulesa p\u00ebr certifikata dhe diploma me cil\u00ebsi t\u00eb lart\u00eb, t\u00eb dizajnuara p\u00ebr t\u00eb paraqitur arritjet me eleganc\u00eb dhe profesionaliz\u00ebm. T\u00eb p\u00ebrsosura p\u00ebr shkolla, institucione dhe \u00e7mime korporative. T\u00eb disponueshme n\u00eb materiale premium, madh\u00ebsi dhe p\u00ebrfundime t\u00eb ndryshme.\" \/>\n<meta property=\"og:url\" content=\"https:\/\/ilar.com.al\/sq\/product\/printim-certifikata-diploma\/\" \/>\n<meta property=\"og:site_name\" content=\"Shtypshkronja Ilar\" \/>\n<meta property=\"article:publisher\" content=\"https:\/\/www.facebook.com\/shtypshkronja.ilar\" \/>\n<meta property=\"article:modified_time\" content=\"2026-03-09T22:54:02+00:00\" \/>\n<meta property=\"og:image\" content=\"https:\/\/ilar.com.al\/wp-content\/uploads\/2026\/02\/certification-marriage-application-isolated-white-1.png\" \/>\n\t<meta property=\"og:image:width\" content=\"1000\" \/>\n\t<meta property=\"og:image:height\" content=\"750\" \/>\n\t<meta property=\"og:image:type\" content=\"image\/png\" \/>\n<meta name=\"twitter:card\" content=\"summary_large_image\" \/>\n<script type=\"application\/ld+json\" class=\"yoast-schema-graph\">{\"@context\":\"https:\\\/\\\/schema.org\",\"@graph\":[{\"@type\":\"WebPage\",\"@id\":\"https:\\\/\\\/ilar.com.al\\\/sq\\\/product\\\/printim-certifikata-diploma\\\/\",\"url\":\"https:\\\/\\\/ilar.com.al\\\/sq\\\/product\\\/printim-certifikata-diploma\\\/\",\"name\":\"Certifikata & Diploma - Shtypshkronja Ilar\",\"isPartOf\":{\"@id\":\"https:\\\/\\\/ilar.com.al\\\/#website\"},\"primaryImageOfPage\":{\"@id\":\"https:\\\/\\\/ilar.com.al\\\/sq\\\/product\\\/printim-certifikata-diploma\\\/#primaryimage\"},\"image\":{\"@id\":\"https:\\\/\\\/ilar.com.al\\\/sq\\\/product\\\/printim-certifikata-diploma\\\/#primaryimage\"},\"thumbnailUrl\":\"https:\\\/\\\/ilar.com.al\\\/wp-content\\\/uploads\\\/2026\\\/02\\\/certification-marriage-application-isolated-white-1.png\",\"datePublished\":\"2026-02-24T16:36:43+00:00\",\"dateModified\":\"2026-03-09T22:54:02+00:00\",\"breadcrumb\":{\"@id\":\"https:\\\/\\\/ilar.com.al\\\/sq\\\/product\\\/printim-certifikata-diploma\\\/#breadcrumb\"},\"inLanguage\":\"sq-AL\",\"potentialAction\":[{\"@type\":\"ReadAction\",\"target\":[\"https:\\\/\\\/ilar.com.al\\\/sq\\\/product\\\/printim-certifikata-diploma\\\/\"]}]},{\"@type\":\"ImageObject\",\"inLanguage\":\"sq-AL\",\"@id\":\"https:\\\/\\\/ilar.com.al\\\/sq\\\/product\\\/printim-certifikata-diploma\\\/#primaryimage\",\"url\":\"https:\\\/\\\/ilar.com.al\\\/wp-content\\\/uploads\\\/2026\\\/02\\\/certification-marriage-application-isolated-white-1.png\",\"contentUrl\":\"https:\\\/\\\/ilar.com.al\\\/wp-content\\\/uploads\\\/2026\\\/02\\\/certification-marriage-application-isolated-white-1.png\",\"width\":1000,\"height\":750},{\"@type\":\"BreadcrumbList\",\"@id\":\"https:\\\/\\\/ilar.com.al\\\/sq\\\/product\\\/printim-certifikata-diploma\\\/#breadcrumb\",\"itemListElement\":[{\"@type\":\"ListItem\",\"position\":1,\"name\":\"Home\",\"item\":\"https:\\\/\\\/ilar.com.al\\\/sq\\\/\"},{\"@type\":\"ListItem\",\"position\":2,\"name\":\"Products\",\"item\":\"https:\\\/\\\/ilar.com.al\\\/shop\\\/\"},{\"@type\":\"ListItem\",\"position\":3,\"name\":\"Certifikata &#038; Diploma\"}]},{\"@type\":\"WebSite\",\"@id\":\"https:\\\/\\\/ilar.com.al\\\/#website\",\"url\":\"https:\\\/\\\/ilar.com.al\\\/\",\"name\":\"Shtypshkronja ilar\",\"description\":\"\",\"publisher\":{\"@id\":\"https:\\\/\\\/ilar.com.al\\\/#organization\"},\"potentialAction\":[{\"@type\":\"SearchAction\",\"target\":{\"@type\":\"EntryPoint\",\"urlTemplate\":\"https:\\\/\\\/ilar.com.al\\\/?s={search_term_string}\"},\"query-input\":{\"@type\":\"PropertyValueSpecification\",\"valueRequired\":true,\"valueName\":\"search_term_string\"}}],\"inLanguage\":\"sq-AL\"},{\"@type\":\"Organization\",\"@id\":\"https:\\\/\\\/ilar.com.al\\\/#organization\",\"name\":\"Shtypshkronja ilar\",\"url\":\"https:\\\/\\\/ilar.com.al\\\/\",\"logo\":{\"@type\":\"ImageObject\",\"inLanguage\":\"sq-AL\",\"@id\":\"https:\\\/\\\/ilar.com.al\\\/#\\\/schema\\\/logo\\\/image\\\/\",\"url\":\"https:\\\/\\\/ilar.com.al\\\/wp-content\\\/uploads\\\/2026\\\/02\\\/Logo-Ilar.png\",\"contentUrl\":\"https:\\\/\\\/ilar.com.al\\\/wp-content\\\/uploads\\\/2026\\\/02\\\/Logo-Ilar.png\",\"width\":395,\"height\":94,\"caption\":\"Shtypshkronja ilar\"},\"image\":{\"@id\":\"https:\\\/\\\/ilar.com.al\\\/#\\\/schema\\\/logo\\\/image\\\/\"},\"sameAs\":[\"https:\\\/\\\/www.facebook.com\\\/shtypshkronja.ilar\",\"https:\\\/\\\/www.instagram.com\\\/shtypshkronja_ilar\\\/\"]}]}<\/script>\n<!-- \/ Yoast SEO plugin. -->","yoast_head_json":{"title":"Certifikata & Diploma - Shtypshkronja Ilar","robots":{"index":"index","follow":"follow","max-snippet":"max-snippet:-1","max-image-preview":"max-image-preview:large","max-video-preview":"max-video-preview:-1"},"canonical":"https:\/\/ilar.com.al\/sq\/product\/printim-certifikata-diploma\/","og_locale":"sq_AL","og_type":"article","og_title":"Certifikata & Diploma - Shtypshkronja Ilar","og_description":"Mbulesa p\u00ebr certifikata dhe diploma me cil\u00ebsi t\u00eb lart\u00eb, t\u00eb dizajnuara p\u00ebr t\u00eb paraqitur arritjet me eleganc\u00eb dhe profesionaliz\u00ebm. T\u00eb p\u00ebrsosura p\u00ebr shkolla, institucione dhe \u00e7mime korporative. T\u00eb disponueshme n\u00eb materiale premium, madh\u00ebsi dhe p\u00ebrfundime t\u00eb ndryshme.","og_url":"https:\/\/ilar.com.al\/sq\/product\/printim-certifikata-diploma\/","og_site_name":"Shtypshkronja Ilar","article_publisher":"https:\/\/www.facebook.com\/shtypshkronja.ilar","article_modified_time":"2026-03-09T22:54:02+00:00","og_image":[{"width":1000,"height":750,"url":"https:\/\/ilar.com.al\/wp-content\/uploads\/2026\/02\/certification-marriage-application-isolated-white-1.png","type":"image\/png"}],"twitter_card":"summary_large_image","schema":{"@context":"https:\/\/schema.org","@graph":[{"@type":"WebPage","@id":"https:\/\/ilar.com.al\/sq\/product\/printim-certifikata-diploma\/","url":"https:\/\/ilar.com.al\/sq\/product\/printim-certifikata-diploma\/","name":"Certifikata & Diploma - Shtypshkronja Ilar","isPartOf":{"@id":"https:\/\/ilar.com.al\/#website"},"primaryImageOfPage":{"@id":"https:\/\/ilar.com.al\/sq\/product\/printim-certifikata-diploma\/#primaryimage"},"image":{"@id":"https:\/\/ilar.com.al\/sq\/product\/printim-certifikata-diploma\/#primaryimage"},"thumbnailUrl":"https:\/\/ilar.com.al\/wp-content\/uploads\/2026\/02\/certification-marriage-application-isolated-white-1.png","datePublished":"2026-02-24T16:36:43+00:00","dateModified":"2026-03-09T22:54:02+00:00","breadcrumb":{"@id":"https:\/\/ilar.com.al\/sq\/product\/printim-certifikata-diploma\/#breadcrumb"},"inLanguage":"sq-AL","potentialAction":[{"@type":"ReadAction","target":["https:\/\/ilar.com.al\/sq\/product\/printim-certifikata-diploma\/"]}]},{"@type":"ImageObject","inLanguage":"sq-AL","@id":"https:\/\/ilar.com.al\/sq\/product\/printim-certifikata-diploma\/#primaryimage","url":"https:\/\/ilar.com.al\/wp-content\/uploads\/2026\/02\/certification-marriage-application-isolated-white-1.png","contentUrl":"https:\/\/ilar.com.al\/wp-content\/uploads\/2026\/02\/certification-marriage-application-isolated-white-1.png","width":1000,"height":750},{"@type":"BreadcrumbList","@id":"https:\/\/ilar.com.al\/sq\/product\/printim-certifikata-diploma\/#breadcrumb","itemListElement":[{"@type":"ListItem","position":1,"name":"Home","item":"https:\/\/ilar.com.al\/sq\/"},{"@type":"ListItem","position":2,"name":"Products","item":"https:\/\/ilar.com.al\/shop\/"},{"@type":"ListItem","position":3,"name":"Certifikata &#038; Diploma"}]},{"@type":"WebSite","@id":"https:\/\/ilar.com.al\/#website","url":"https:\/\/ilar.com.al\/","name":"Shtypshkronja ilar","description":"","publisher":{"@id":"https:\/\/ilar.com.al\/#organization"},"potentialAction":[{"@type":"SearchAction","target":{"@type":"EntryPoint","urlTemplate":"https:\/\/ilar.com.al\/?s={search_term_string}"},"query-input":{"@type":"PropertyValueSpecification","valueRequired":true,"valueName":"search_term_string"}}],"inLanguage":"sq-AL"},{"@type":"Organization","@id":"https:\/\/ilar.com.al\/#organization","name":"Shtypshkronja ilar","url":"https:\/\/ilar.com.al\/","logo":{"@type":"ImageObject","inLanguage":"sq-AL","@id":"https:\/\/ilar.com.al\/#\/schema\/logo\/image\/","url":"https:\/\/ilar.com.al\/wp-content\/uploads\/2026\/02\/Logo-Ilar.png","contentUrl":"https:\/\/ilar.com.al\/wp-content\/uploads\/2026\/02\/Logo-Ilar.png","width":395,"height":94,"caption":"Shtypshkronja ilar"},"image":{"@id":"https:\/\/ilar.com.al\/#\/schema\/logo\/image\/"},"sameAs":["https:\/\/www.facebook.com\/shtypshkronja.ilar","https:\/\/www.instagram.com\/shtypshkronja_ilar\/"]}]}},"_links":{"self":[{"href":"https:\/\/ilar.com.al\/sq\/wp-json\/wp\/v2\/product\/26872","targetHints":{"allow":["GET"]}}],"collection":[{"href":"https:\/\/ilar.com.al\/sq\/wp-json\/wp\/v2\/product"}],"about":[{"href":"https:\/\/ilar.com.al\/sq\/wp-json\/wp\/v2\/types\/product"}],"version-history":[{"count":2,"href":"https:\/\/ilar.com.al\/sq\/wp-json\/wp\/v2\/product\/26872\/revisions"}],"predecessor-version":[{"id":26915,"href":"https:\/\/ilar.com.al\/sq\/wp-json\/wp\/v2\/product\/26872\/revisions\/26915"}],"wp:featuredmedia":[{"embeddable":true,"href":"https:\/\/ilar.com.al\/sq\/wp-json\/wp\/v2\/media\/26238"}],"wp:attachment":[{"href":"https:\/\/ilar.com.al\/sq\/wp-json\/wp\/v2\/media?parent=26872"}],"wp:term":[{"taxonomy":"product_brand","embeddable":true,"href":"https:\/\/ilar.com.al\/sq\/wp-json\/wp\/v2\/product_brand?post=26872"},{"taxonomy":"product_cat","embeddable":true,"href":"https:\/\/ilar.com.al\/sq\/wp-json\/wp\/v2\/product_cat?post=26872"},{"taxonomy":"product_tag","embeddable":true,"href":"https:\/\/ilar.com.al\/sq\/wp-json\/wp\/v2\/product_tag?post=26872"}],"curies":[{"name":"wp","href":"https:\/\/api.w.org\/{rel}","templated":true}]}}