{"id":26863,"date":"2026-02-24T17:11:35","date_gmt":"2026-02-24T16:11:35","guid":{"rendered":"https:\/\/ilar.com.al\/product\/books\/"},"modified":"2026-03-09T23:49:56","modified_gmt":"2026-03-09T22:49:56","slug":"printim-libra","status":"publish","type":"product","link":"https:\/\/ilar.com.al\/sq\/product\/printim-libra\/","title":{"rendered":"Libra"},"content":{"rendered":"","protected":false},"excerpt":{"rendered":"<p>Shtypje librash me porosi me materiale cil\u00ebsore dhe p\u00ebrfundim profesional. Ideal p\u00ebr publikime arsimore, shkencore, letrare dhe komerciale. Disponuesh\u00ebm n\u00eb madh\u00ebsi, lidhje dhe lloje t\u00eb ndryshme letre.<\/p>\n","protected":false},"featured_media":26226,"template":"","meta":[],"product_brand":[],"product_cat":[115],"product_tag":[],"class_list":{"0":"post-26863","1":"product","2":"type-product","3":"status-publish","4":"has-post-thumbnail","6":"product_cat-printing-products-sq","8":"first","9":"instock","10":"shipping-taxable","11":"product-type-simple"},"yoast_head":"<!-- This site is optimized with the Yoast SEO plugin v27.4 - https:\/\/yoast.com\/product\/yoast-seo-wordpress\/ -->\n<title>Libra - Shtypshkronja Ilar<\/title>\n<meta name=\"robots\" content=\"index, follow, max-snippet:-1, max-image-preview:large, max-video-preview:-1\" \/>\n<link rel=\"canonical\" href=\"https:\/\/ilar.com.al\/sq\/product\/printim-libra\/\" \/>\n<meta property=\"og:locale\" content=\"sq_AL\" \/>\n<meta property=\"og:type\" content=\"article\" \/>\n<meta property=\"og:title\" content=\"Libra - Shtypshkronja Ilar\" \/>\n<meta property=\"og:description\" content=\"Shtypje librash me porosi me materiale cil\u00ebsore dhe p\u00ebrfundim profesional. Ideal p\u00ebr publikime arsimore, shkencore, letrare dhe komerciale. Disponuesh\u00ebm n\u00eb madh\u00ebsi, lidhje dhe lloje t\u00eb ndryshme letre.\" \/>\n<meta property=\"og:url\" content=\"https:\/\/ilar.com.al\/sq\/product\/printim-libra\/\" \/>\n<meta property=\"og:site_name\" content=\"Shtypshkronja Ilar\" \/>\n<meta property=\"article:publisher\" content=\"https:\/\/www.facebook.com\/shtypshkronja.ilar\" \/>\n<meta property=\"article:modified_time\" content=\"2026-03-09T22:49:56+00:00\" \/>\n<meta property=\"og:image\" content=\"https:\/\/ilar.com.al\/wp-content\/uploads\/2026\/02\/book-cover-book-cover-book-cover.png\" \/>\n\t<meta property=\"og:image:width\" content=\"1000\" \/>\n\t<meta property=\"og:image:height\" content=\"750\" \/>\n\t<meta property=\"og:image:type\" content=\"image\/png\" \/>\n<meta name=\"twitter:card\" content=\"summary_large_image\" \/>\n<script type=\"application\/ld+json\" class=\"yoast-schema-graph\">{\"@context\":\"https:\\\/\\\/schema.org\",\"@graph\":[{\"@type\":\"WebPage\",\"@id\":\"https:\\\/\\\/ilar.com.al\\\/sq\\\/product\\\/printim-libra\\\/\",\"url\":\"https:\\\/\\\/ilar.com.al\\\/sq\\\/product\\\/printim-libra\\\/\",\"name\":\"Libra - Shtypshkronja Ilar\",\"isPartOf\":{\"@id\":\"https:\\\/\\\/ilar.com.al\\\/#website\"},\"primaryImageOfPage\":{\"@id\":\"https:\\\/\\\/ilar.com.al\\\/sq\\\/product\\\/printim-libra\\\/#primaryimage\"},\"image\":{\"@id\":\"https:\\\/\\\/ilar.com.al\\\/sq\\\/product\\\/printim-libra\\\/#primaryimage\"},\"thumbnailUrl\":\"https:\\\/\\\/ilar.com.al\\\/wp-content\\\/uploads\\\/2026\\\/02\\\/book-cover-book-cover-book-cover.png\",\"datePublished\":\"2026-02-24T16:11:35+00:00\",\"dateModified\":\"2026-03-09T22:49:56+00:00\",\"breadcrumb\":{\"@id\":\"https:\\\/\\\/ilar.com.al\\\/sq\\\/product\\\/printim-libra\\\/#breadcrumb\"},\"inLanguage\":\"sq-AL\",\"potentialAction\":[{\"@type\":\"ReadAction\",\"target\":[\"https:\\\/\\\/ilar.com.al\\\/sq\\\/product\\\/printim-libra\\\/\"]}]},{\"@type\":\"ImageObject\",\"inLanguage\":\"sq-AL\",\"@id\":\"https:\\\/\\\/ilar.com.al\\\/sq\\\/product\\\/printim-libra\\\/#primaryimage\",\"url\":\"https:\\\/\\\/ilar.com.al\\\/wp-content\\\/uploads\\\/2026\\\/02\\\/book-cover-book-cover-book-cover.png\",\"contentUrl\":\"https:\\\/\\\/ilar.com.al\\\/wp-content\\\/uploads\\\/2026\\\/02\\\/book-cover-book-cover-book-cover.png\",\"width\":1000,\"height\":750},{\"@type\":\"BreadcrumbList\",\"@id\":\"https:\\\/\\\/ilar.com.al\\\/sq\\\/product\\\/printim-libra\\\/#breadcrumb\",\"itemListElement\":[{\"@type\":\"ListItem\",\"position\":1,\"name\":\"Home\",\"item\":\"https:\\\/\\\/ilar.com.al\\\/sq\\\/\"},{\"@type\":\"ListItem\",\"position\":2,\"name\":\"Products\",\"item\":\"https:\\\/\\\/ilar.com.al\\\/shop\\\/\"},{\"@type\":\"ListItem\",\"position\":3,\"name\":\"Libra\"}]},{\"@type\":\"WebSite\",\"@id\":\"https:\\\/\\\/ilar.com.al\\\/#website\",\"url\":\"https:\\\/\\\/ilar.com.al\\\/\",\"name\":\"Shtypshkronja ilar\",\"description\":\"\",\"publisher\":{\"@id\":\"https:\\\/\\\/ilar.com.al\\\/#organization\"},\"potentialAction\":[{\"@type\":\"SearchAction\",\"target\":{\"@type\":\"EntryPoint\",\"urlTemplate\":\"https:\\\/\\\/ilar.com.al\\\/?s={search_term_string}\"},\"query-input\":{\"@type\":\"PropertyValueSpecification\",\"valueRequired\":true,\"valueName\":\"search_term_string\"}}],\"inLanguage\":\"sq-AL\"},{\"@type\":\"Organization\",\"@id\":\"https:\\\/\\\/ilar.com.al\\\/#organization\",\"name\":\"Shtypshkronja ilar\",\"url\":\"https:\\\/\\\/ilar.com.al\\\/\",\"logo\":{\"@type\":\"ImageObject\",\"inLanguage\":\"sq-AL\",\"@id\":\"https:\\\/\\\/ilar.com.al\\\/#\\\/schema\\\/logo\\\/image\\\/\",\"url\":\"https:\\\/\\\/ilar.com.al\\\/wp-content\\\/uploads\\\/2026\\\/02\\\/Logo-Ilar.png\",\"contentUrl\":\"https:\\\/\\\/ilar.com.al\\\/wp-content\\\/uploads\\\/2026\\\/02\\\/Logo-Ilar.png\",\"width\":395,\"height\":94,\"caption\":\"Shtypshkronja ilar\"},\"image\":{\"@id\":\"https:\\\/\\\/ilar.com.al\\\/#\\\/schema\\\/logo\\\/image\\\/\"},\"sameAs\":[\"https:\\\/\\\/www.facebook.com\\\/shtypshkronja.ilar\",\"https:\\\/\\\/www.instagram.com\\\/shtypshkronja_ilar\\\/\"]}]}<\/script>\n<!-- \/ Yoast SEO plugin. -->","yoast_head_json":{"title":"Libra - Shtypshkronja Ilar","robots":{"index":"index","follow":"follow","max-snippet":"max-snippet:-1","max-image-preview":"max-image-preview:large","max-video-preview":"max-video-preview:-1"},"canonical":"https:\/\/ilar.com.al\/sq\/product\/printim-libra\/","og_locale":"sq_AL","og_type":"article","og_title":"Libra - Shtypshkronja Ilar","og_description":"Shtypje librash me porosi me materiale cil\u00ebsore dhe p\u00ebrfundim profesional. Ideal p\u00ebr publikime arsimore, shkencore, letrare dhe komerciale. Disponuesh\u00ebm n\u00eb madh\u00ebsi, lidhje dhe lloje t\u00eb ndryshme letre.","og_url":"https:\/\/ilar.com.al\/sq\/product\/printim-libra\/","og_site_name":"Shtypshkronja Ilar","article_publisher":"https:\/\/www.facebook.com\/shtypshkronja.ilar","article_modified_time":"2026-03-09T22:49:56+00:00","og_image":[{"width":1000,"height":750,"url":"https:\/\/ilar.com.al\/wp-content\/uploads\/2026\/02\/book-cover-book-cover-book-cover.png","type":"image\/png"}],"twitter_card":"summary_large_image","schema":{"@context":"https:\/\/schema.org","@graph":[{"@type":"WebPage","@id":"https:\/\/ilar.com.al\/sq\/product\/printim-libra\/","url":"https:\/\/ilar.com.al\/sq\/product\/printim-libra\/","name":"Libra - Shtypshkronja Ilar","isPartOf":{"@id":"https:\/\/ilar.com.al\/#website"},"primaryImageOfPage":{"@id":"https:\/\/ilar.com.al\/sq\/product\/printim-libra\/#primaryimage"},"image":{"@id":"https:\/\/ilar.com.al\/sq\/product\/printim-libra\/#primaryimage"},"thumbnailUrl":"https:\/\/ilar.com.al\/wp-content\/uploads\/2026\/02\/book-cover-book-cover-book-cover.png","datePublished":"2026-02-24T16:11:35+00:00","dateModified":"2026-03-09T22:49:56+00:00","breadcrumb":{"@id":"https:\/\/ilar.com.al\/sq\/product\/printim-libra\/#breadcrumb"},"inLanguage":"sq-AL","potentialAction":[{"@type":"ReadAction","target":["https:\/\/ilar.com.al\/sq\/product\/printim-libra\/"]}]},{"@type":"ImageObject","inLanguage":"sq-AL","@id":"https:\/\/ilar.com.al\/sq\/product\/printim-libra\/#primaryimage","url":"https:\/\/ilar.com.al\/wp-content\/uploads\/2026\/02\/book-cover-book-cover-book-cover.png","contentUrl":"https:\/\/ilar.com.al\/wp-content\/uploads\/2026\/02\/book-cover-book-cover-book-cover.png","width":1000,"height":750},{"@type":"BreadcrumbList","@id":"https:\/\/ilar.com.al\/sq\/product\/printim-libra\/#breadcrumb","itemListElement":[{"@type":"ListItem","position":1,"name":"Home","item":"https:\/\/ilar.com.al\/sq\/"},{"@type":"ListItem","position":2,"name":"Products","item":"https:\/\/ilar.com.al\/shop\/"},{"@type":"ListItem","position":3,"name":"Libra"}]},{"@type":"WebSite","@id":"https:\/\/ilar.com.al\/#website","url":"https:\/\/ilar.com.al\/","name":"Shtypshkronja ilar","description":"","publisher":{"@id":"https:\/\/ilar.com.al\/#organization"},"potentialAction":[{"@type":"SearchAction","target":{"@type":"EntryPoint","urlTemplate":"https:\/\/ilar.com.al\/?s={search_term_string}"},"query-input":{"@type":"PropertyValueSpecification","valueRequired":true,"valueName":"search_term_string"}}],"inLanguage":"sq-AL"},{"@type":"Organization","@id":"https:\/\/ilar.com.al\/#organization","name":"Shtypshkronja ilar","url":"https:\/\/ilar.com.al\/","logo":{"@type":"ImageObject","inLanguage":"sq-AL","@id":"https:\/\/ilar.com.al\/#\/schema\/logo\/image\/","url":"https:\/\/ilar.com.al\/wp-content\/uploads\/2026\/02\/Logo-Ilar.png","contentUrl":"https:\/\/ilar.com.al\/wp-content\/uploads\/2026\/02\/Logo-Ilar.png","width":395,"height":94,"caption":"Shtypshkronja ilar"},"image":{"@id":"https:\/\/ilar.com.al\/#\/schema\/logo\/image\/"},"sameAs":["https:\/\/www.facebook.com\/shtypshkronja.ilar","https:\/\/www.instagram.com\/shtypshkronja_ilar\/"]}]}},"_links":{"self":[{"href":"https:\/\/ilar.com.al\/sq\/wp-json\/wp\/v2\/product\/26863","targetHints":{"allow":["GET"]}}],"collection":[{"href":"https:\/\/ilar.com.al\/sq\/wp-json\/wp\/v2\/product"}],"about":[{"href":"https:\/\/ilar.com.al\/sq\/wp-json\/wp\/v2\/types\/product"}],"version-history":[{"count":1,"href":"https:\/\/ilar.com.al\/sq\/wp-json\/wp\/v2\/product\/26863\/revisions"}],"predecessor-version":[{"id":26864,"href":"https:\/\/ilar.com.al\/sq\/wp-json\/wp\/v2\/product\/26863\/revisions\/26864"}],"wp:featuredmedia":[{"embeddable":true,"href":"https:\/\/ilar.com.al\/sq\/wp-json\/wp\/v2\/media\/26226"}],"wp:attachment":[{"href":"https:\/\/ilar.com.al\/sq\/wp-json\/wp\/v2\/media?parent=26863"}],"wp:term":[{"taxonomy":"product_brand","embeddable":true,"href":"https:\/\/ilar.com.al\/sq\/wp-json\/wp\/v2\/product_brand?post=26863"},{"taxonomy":"product_cat","embeddable":true,"href":"https:\/\/ilar.com.al\/sq\/wp-json\/wp\/v2\/product_cat?post=26863"},{"taxonomy":"product_tag","embeddable":true,"href":"https:\/\/ilar.com.al\/sq\/wp-json\/wp\/v2\/product_tag?post=26863"}],"curies":[{"name":"wp","href":"https:\/\/api.w.org\/{rel}","templated":true}]}}