{"id":26188,"date":"2022-11-23T01:45:04","date_gmt":"2022-11-23T00:45:04","guid":{"rendered":"https:\/\/ilar.com.al\/contact\/"},"modified":"2026-03-11T13:00:32","modified_gmt":"2026-03-11T12:00:32","slug":"kontakt","status":"publish","type":"page","link":"https:\/\/ilar.com.al\/sq\/kontakt\/","title":{"rendered":"Kontakt"},"content":{"rendered":"\t\t<div data-elementor-type=\"wp-page\" data-elementor-id=\"26188\" class=\"elementor elementor-26188\">\n\t\t\t\t<div class=\"elementor-element elementor-element-87de127 contact-information e-flex e-con-boxed e-con e-parent\" data-id=\"87de127\" data-element_type=\"container\" data-e-type=\"container\">\n\t\t\t\t\t<div class=\"e-con-inner\">\n\t\t<div class=\"elementor-element elementor-element-b1b2fe9 e-con-full e-flex e-con e-child\" data-id=\"b1b2fe9\" data-element_type=\"container\" data-e-type=\"container\">\n\t\t\t\t<div class=\"elementor-element elementor-element-97b769b elementor-widget elementor-widget-bzotech_info_box_global\" data-id=\"97b769b\" data-element_type=\"widget\" data-e-type=\"widget\" data-widget_type=\"bzotech_info_box_global.default\">\n\t\t\t\t<div class=\"elementor-widget-container\">\n\t\t\t\t\t<div class=\"flex-wrapper container-flex-e bzoteche-info-box-global- item-info-box-global\">\r\n\t<div class=\"info-box-icon elementor-animation-\"><div ><i class=\"item-icon-e title50   las la-map-marker-alt \"><\/i><\/div><\/div><div class = \"list-text-info flex-wrapper info-container-flex-e\">        <h2  class=\"list-text-info__item  elementor-repeater-item-82c86a6\">Adresa<\/h2><p  class=\"list-text-info__item  elementor-repeater-item-9d0ccc6\"><a href=\"https:\/\/maps.app.goo.gl\/2nshWwYXPte6wDyk9\">Rruga N\u00ebn\u00eb Tereza, Nd. 44<br>Rinas, Kruj\u00eb \u2013 1504, Albania <\/a><\/p><\/div><\/div>\t\t\t\t<\/div>\n\t\t\t\t<\/div>\n\t\t\t\t<\/div>\n\t\t<div class=\"elementor-element elementor-element-619f8a6 e-con-full e-flex e-con e-child\" data-id=\"619f8a6\" data-element_type=\"container\" data-e-type=\"container\">\n\t\t\t\t<div class=\"elementor-element elementor-element-288abf3 elementor-widget elementor-widget-bzotech_info_box_global\" data-id=\"288abf3\" data-element_type=\"widget\" data-e-type=\"widget\" data-widget_type=\"bzotech_info_box_global.default\">\n\t\t\t\t<div class=\"elementor-widget-container\">\n\t\t\t\t\t<div class=\"flex-wrapper container-flex-e bzoteche-info-box-global- item-info-box-global\">\r\n\t<div class=\"info-box-icon elementor-animation-\"><div ><i class=\"item-icon-e title50   las la-phone-volume \"><\/i><\/div><\/div><div class = \"list-text-info flex-wrapper info-container-flex-e\">        <h2  class=\"list-text-info__item  elementor-repeater-item-82c86a6\">Telefon<\/h2><p  class=\"list-text-info__item  elementor-repeater-item-9d0ccc6\"><a href=\"tel:+355674064111\">+355 67 406 4111 <\/a><\/p><\/div><\/div>\t\t\t\t<\/div>\n\t\t\t\t<\/div>\n\t\t\t\t<\/div>\n\t\t<div class=\"elementor-element elementor-element-ed5cbc7 e-con-full e-flex e-con e-child\" data-id=\"ed5cbc7\" data-element_type=\"container\" data-e-type=\"container\">\n\t\t\t\t<div class=\"elementor-element elementor-element-0ea2962 elementor-widget elementor-widget-bzotech_info_box_global\" data-id=\"0ea2962\" data-element_type=\"widget\" data-e-type=\"widget\" data-widget_type=\"bzotech_info_box_global.default\">\n\t\t\t\t<div class=\"elementor-widget-container\">\n\t\t\t\t\t<div class=\"flex-wrapper container-flex-e bzoteche-info-box-global- item-info-box-global\">\r\n\t<div class=\"info-box-icon elementor-animation-\"><div ><i class=\"item-icon-e title50  icon icon-envelope2 \"><\/i><\/div><\/div><div class = \"list-text-info flex-wrapper info-container-flex-e\">        <h2  class=\"list-text-info__item  elementor-repeater-item-82c86a6\">Email<\/h2><p  class=\"list-text-info__item  elementor-repeater-item-1a40376\"><a href=\"mailto:ilarcompany@yahoo.com\">ilarcompany@yahoo.com<\/a><\/p><\/div><\/div>\t\t\t\t<\/div>\n\t\t\t\t<\/div>\n\t\t\t\t<\/div>\n\t\t<div class=\"elementor-element elementor-element-af19586 e-con-full e-flex e-con e-child\" data-id=\"af19586\" data-element_type=\"container\" data-e-type=\"container\">\n\t\t\t\t<div class=\"elementor-element elementor-element-9a3f4bf elementor-widget elementor-widget-bzotech_info_box_global\" data-id=\"9a3f4bf\" data-element_type=\"widget\" data-e-type=\"widget\" data-widget_type=\"bzotech_info_box_global.default\">\n\t\t\t\t<div class=\"elementor-widget-container\">\n\t\t\t\t\t<div class=\"flex-wrapper container-flex-e bzoteche-info-box-global- item-info-box-global\">\r\n\t<div class=\"info-box-icon elementor-animation-\"><div ><i class=\"item-icon-e title50  icon-bzo icon-bzo-clock \"><\/i><\/div><\/div><div class = \"list-text-info flex-wrapper info-container-flex-e\">        <h2  class=\"list-text-info__item  elementor-repeater-item-82c86a6\">Or\u00ebt e pun\u00ebs<\/h2><p  class=\"list-text-info__item  elementor-repeater-item-1a40376\">E h\u00ebn\u00eb - E shtun\u00eb: 08:00 - 16:00<br> E diel: I mbyllur<\/p><\/div><\/div>\t\t\t\t<\/div>\n\t\t\t\t<\/div>\n\t\t\t\t<\/div>\n\t\t\t\t\t<\/div>\n\t\t\t\t<\/div>\n\t\t<div class=\"elementor-element elementor-element-6b994a5 box-contact-page e-flex e-con-boxed e-con e-parent\" data-id=\"6b994a5\" data-element_type=\"container\" data-e-type=\"container\">\n\t\t\t\t\t<div class=\"e-con-inner\">\n\t\t<div class=\"elementor-element elementor-element-215567a e-con-full e-flex e-con e-child\" data-id=\"215567a\" data-element_type=\"container\" data-e-type=\"container\">\n\t\t<div class=\"elementor-element elementor-element-0e676d2 e-flex e-con-boxed e-con e-child\" data-id=\"0e676d2\" data-element_type=\"container\" data-e-type=\"container\" data-settings=\"{&quot;background_background&quot;:&quot;classic&quot;}\">\n\t\t\t\t\t<div class=\"e-con-inner\">\n\t\t\t\t<div class=\"elementor-element elementor-element-8786b1b elementor-widget elementor-widget-bzotech-heading-global\" data-id=\"8786b1b\" data-element_type=\"widget\" data-e-type=\"widget\" data-widget_type=\"bzotech-heading-global.default\">\n\t\t\t\t<div class=\"elementor-widget-container\">\n\t\t\t\t\t<h2 class=\"  container-flex-e elbzotech-heading-global font-title text-css-e font-medium  title48 color-title elbzotech-heading-global-style1\">D\u00ebrgo nj\u00eb mesazh<span class=\"type-title_shadow\"><\/span><\/h2>\t\t\t\t<\/div>\n\t\t\t\t<\/div>\n\t\t\t\t<div class=\"elementor-element elementor-element-97d7042 elementor-widget elementor-widget-bzotech-heading-global\" data-id=\"97d7042\" data-element_type=\"widget\" data-e-type=\"widget\" data-widget_type=\"bzotech-heading-global.default\">\n\t\t\t\t<div class=\"elementor-widget-container\">\n\t\t\t\t\t<div class=\"elbzotech-text-editor-global text-css-e \"><p>N\u00ebse keni ndonj\u00eb pyetje k\u00ebrkese ose d\u00ebshironi t\u00eb diskutoni, ju lutemi mos hezitoni t\u00eb na kontaktoni:<\/p><\/div>\t\t\t\t<\/div>\n\t\t\t\t<\/div>\n\t\t\t\t<div class=\"elementor-element elementor-element-f67b827 box-contact-form elementor-widget elementor-widget-bzotech-heading-global\" data-id=\"f67b827\" data-element_type=\"widget\" data-e-type=\"widget\" data-widget_type=\"bzotech-heading-global.default\">\n\t\t\t\t<div class=\"elementor-widget-container\">\n\t\t\t\t\t<div class=\"elbzotech-text-editor-global text-css-e \">\n<div class=\"wpcf7 no-js\" id=\"wpcf7-f27016-o1\" lang=\"en-US\" dir=\"ltr\" data-wpcf7-id=\"27016\">\n<div class=\"screen-reader-response\"><p role=\"status\" aria-live=\"polite\" aria-atomic=\"true\"><\/p> <ul><\/ul><\/div>\n<form action=\"\/sq\/wp-json\/wp\/v2\/pages\/26188#wpcf7-f27016-o1\" method=\"post\" class=\"wpcf7-form init\" aria-label=\"Contact form\" novalidate=\"novalidate\" data-status=\"init\">\n<fieldset class=\"hidden-fields-container\"><input type=\"hidden\" name=\"_wpcf7\" value=\"27016\" \/><input type=\"hidden\" name=\"_wpcf7_version\" value=\"6.1.5\" \/><input type=\"hidden\" name=\"_wpcf7_locale\" value=\"en_US\" \/><input type=\"hidden\" name=\"_wpcf7_unit_tag\" value=\"wpcf7-f27016-o1\" \/><input type=\"hidden\" name=\"_wpcf7_container_post\" value=\"0\" \/><input type=\"hidden\" name=\"_wpcf7_posted_data_hash\" value=\"\" \/>\n<\/fieldset>\n<div class=\"bzotech-row\">\n\t<div class=\"bzotech-col-sm-6 bzotech-col-sx-12\">\n\t\t<p><span class=\"wpcf7-form-control-wrap\" data-name=\"your-name\"><input size=\"40\" maxlength=\"400\" class=\"wpcf7-form-control wpcf7-text wpcf7-validates-as-required\" autocomplete=\"name\" aria-required=\"true\" aria-invalid=\"false\" placeholder=\"Emri*\" value=\"\" type=\"text\" name=\"your-name\" \/><\/span>\n\t\t<\/p>\n\t<\/div>\n\t<div class=\"bzotech-col-sm-6 bzotech-col-sx-12\">\n\t\t<p><span class=\"wpcf7-form-control-wrap\" data-name=\"your-email\"><input size=\"40\" maxlength=\"400\" class=\"wpcf7-form-control wpcf7-email wpcf7-validates-as-required wpcf7-text wpcf7-validates-as-email\" autocomplete=\"email\" aria-required=\"true\" aria-invalid=\"false\" placeholder=\"Email*\" value=\"\" type=\"email\" name=\"your-email\" \/><\/span>\n\t\t<\/p>\n\t<\/div>\n\t<div class=\"bzotech-col-sm-6 bzotech-col-sx-12\">\n\t\t<p><span class=\"wpcf7-form-control-wrap\" data-name=\"number-phone\"><input size=\"40\" maxlength=\"400\" class=\"wpcf7-form-control wpcf7-text wpcf7-validates-as-required\" aria-required=\"true\" aria-invalid=\"false\" placeholder=\"Telefon*\" value=\"\" type=\"text\" name=\"number-phone\" \/><\/span>\n\t\t<\/p>\n\t<\/div>\n\t<div class=\"bzotech-col-sm-6 bzotech-col-sx-12\">\n\t\t<p><span class=\"wpcf7-form-control-wrap\" data-name=\"subject\"><input size=\"40\" maxlength=\"400\" class=\"wpcf7-form-control wpcf7-text\" aria-invalid=\"false\" placeholder=\"Subjekti\" value=\"\" type=\"text\" name=\"subject\" \/><\/span>\n\t\t<\/p>\n\t<\/div>\n<\/div>\n<p><span class=\"wpcf7-form-control-wrap\" data-name=\"your-message\"><textarea cols=\"40\" rows=\"10\" maxlength=\"2000\" class=\"wpcf7-form-control wpcf7-textarea\" aria-invalid=\"false\" placeholder=\"Mesazhi\" name=\"your-message\"><\/textarea><\/span><br \/>\n<input class=\"wpcf7-form-control wpcf7-submit has-spinner elbzotech-bt-default\" type=\"submit\" value=\"Dergo\" \/>\n<\/p><div class=\"wpcf7-response-output\" aria-hidden=\"true\"><\/div>\n<\/form>\n<\/div>\n<\/div>\t\t\t\t<\/div>\n\t\t\t\t<\/div>\n\t\t\t\t\t<\/div>\n\t\t\t\t<\/div>\n\t\t\t\t<\/div>\n\t\t\t\t\t<\/div>\n\t\t\t\t<\/div>\n\t\t<div class=\"elementor-element elementor-element-b31cd08 e-con-full e-flex e-con e-parent\" data-id=\"b31cd08\" data-element_type=\"container\" data-e-type=\"container\">\n\t\t\t\t<div class=\"elementor-element elementor-element-10e3dd7 elementor-widget__width-inherit elementor-widget elementor-widget-text-editor\" data-id=\"10e3dd7\" data-element_type=\"widget\" data-e-type=\"widget\" data-widget_type=\"text-editor.default\">\n\t\t\t\t\t\t\t\t\t<iframe src=\"https:\/\/www.google.com\/maps\/embed?pb=!1m18!1m12!1m3!1d47863.70269345817!2d19.636572521679675!3d41.42877459999999!2m3!1f0!2f0!3f0!3m2!1i1024!2i768!4f13.1!3m3!1m2!1s0x13502d003e9b39db%3A0x8a5ddaa7e9892256!2sShtypshkronja%20ilar%20%26%20dynamicx!5e0!3m2!1sen!2s!4v1772546599505!5m2!1sen!2s\" width=\"600\" height=\"450\" style=\"border:0;\" allowfullscreen=\"\" loading=\"lazy\" referrerpolicy=\"no-referrer-when-downgrade\"><\/iframe>\t\t\t\t\t\t\t\t<\/div>\n\t\t\t\t<\/div>\n\t\t\t\t<\/div>\n\t\t","protected":false},"excerpt":{"rendered":"<p>Adresa Rruga N\u00ebn\u00eb Tereza, Nd. 44Rinas, Kruj\u00eb \u2013 1504, Albania Telefon +355 67 406 4111 Email ilarcompany@yahoo.com Or\u00ebt e pun\u00ebs E h\u00ebn\u00eb &#8211; E shtun\u00eb: 08:00 &#8211; 16:00 E diel: I mbyllur D\u00ebrgo nj\u00eb mesazh N\u00ebse keni ndonj\u00eb pyetje k\u00ebrkese ose d\u00ebshironi t\u00eb diskutoni, ju lutemi mos hezitoni t\u00eb na kontaktoni:<\/p>\n","protected":false},"author":1,"featured_media":0,"parent":0,"menu_order":0,"comment_status":"closed","ping_status":"closed","template":"elementor-template.php","meta":{"footnotes":""},"class_list":["post-26188","page","type-page","status-publish","hentry"],"yoast_head":"<!-- This site is optimized with the Yoast SEO plugin v27.4 - https:\/\/yoast.com\/product\/yoast-seo-wordpress\/ -->\n<title>Kontakt - Shtypshkronja Ilar<\/title>\n<meta name=\"robots\" content=\"index, follow, max-snippet:-1, max-image-preview:large, max-video-preview:-1\" \/>\n<link rel=\"canonical\" href=\"https:\/\/ilar.com.al\/sq\/kontakt\/\" \/>\n<meta property=\"og:locale\" content=\"sq_AL\" \/>\n<meta property=\"og:type\" content=\"article\" \/>\n<meta property=\"og:title\" content=\"Kontakt - Shtypshkronja Ilar\" \/>\n<meta property=\"og:description\" content=\"Adresa Rruga N\u00ebn\u00eb Tereza, Nd. 44Rinas, Kruj\u00eb \u2013 1504, Albania Telefon +355 67 406 4111 Email ilarcompany@yahoo.com Or\u00ebt e pun\u00ebs E h\u00ebn\u00eb &#8211; E shtun\u00eb: 08:00 &#8211; 16:00 E diel: I mbyllur D\u00ebrgo nj\u00eb mesazh N\u00ebse keni ndonj\u00eb pyetje k\u00ebrkese ose d\u00ebshironi t\u00eb diskutoni, ju lutemi mos hezitoni t\u00eb na kontaktoni:\" \/>\n<meta property=\"og:url\" content=\"https:\/\/ilar.com.al\/sq\/kontakt\/\" \/>\n<meta property=\"og:site_name\" content=\"Shtypshkronja Ilar\" \/>\n<meta property=\"article:publisher\" content=\"https:\/\/www.facebook.com\/shtypshkronja.ilar\" \/>\n<meta property=\"article:modified_time\" content=\"2026-03-11T12:00:32+00:00\" \/>\n<meta name=\"twitter:card\" content=\"summary_large_image\" \/>\n<script type=\"application\/ld+json\" class=\"yoast-schema-graph\">{\"@context\":\"https:\\\/\\\/schema.org\",\"@graph\":[{\"@type\":\"WebPage\",\"@id\":\"https:\\\/\\\/ilar.com.al\\\/sq\\\/kontakt\\\/\",\"url\":\"https:\\\/\\\/ilar.com.al\\\/sq\\\/kontakt\\\/\",\"name\":\"Kontakt - Shtypshkronja Ilar\",\"isPartOf\":{\"@id\":\"https:\\\/\\\/ilar.com.al\\\/#website\"},\"datePublished\":\"2022-11-23T00:45:04+00:00\",\"dateModified\":\"2026-03-11T12:00:32+00:00\",\"breadcrumb\":{\"@id\":\"https:\\\/\\\/ilar.com.al\\\/sq\\\/kontakt\\\/#breadcrumb\"},\"inLanguage\":\"sq-AL\",\"potentialAction\":[{\"@type\":\"ReadAction\",\"target\":[\"https:\\\/\\\/ilar.com.al\\\/sq\\\/kontakt\\\/\"]}]},{\"@type\":\"BreadcrumbList\",\"@id\":\"https:\\\/\\\/ilar.com.al\\\/sq\\\/kontakt\\\/#breadcrumb\",\"itemListElement\":[{\"@type\":\"ListItem\",\"position\":1,\"name\":\"Home\",\"item\":\"https:\\\/\\\/ilar.com.al\\\/sq\\\/\"},{\"@type\":\"ListItem\",\"position\":2,\"name\":\"Kontakt\"}]},{\"@type\":\"WebSite\",\"@id\":\"https:\\\/\\\/ilar.com.al\\\/#website\",\"url\":\"https:\\\/\\\/ilar.com.al\\\/\",\"name\":\"Shtypshkronja ilar\",\"description\":\"\",\"publisher\":{\"@id\":\"https:\\\/\\\/ilar.com.al\\\/#organization\"},\"potentialAction\":[{\"@type\":\"SearchAction\",\"target\":{\"@type\":\"EntryPoint\",\"urlTemplate\":\"https:\\\/\\\/ilar.com.al\\\/?s={search_term_string}\"},\"query-input\":{\"@type\":\"PropertyValueSpecification\",\"valueRequired\":true,\"valueName\":\"search_term_string\"}}],\"inLanguage\":\"sq-AL\"},{\"@type\":\"Organization\",\"@id\":\"https:\\\/\\\/ilar.com.al\\\/#organization\",\"name\":\"Shtypshkronja ilar\",\"url\":\"https:\\\/\\\/ilar.com.al\\\/\",\"logo\":{\"@type\":\"ImageObject\",\"inLanguage\":\"sq-AL\",\"@id\":\"https:\\\/\\\/ilar.com.al\\\/#\\\/schema\\\/logo\\\/image\\\/\",\"url\":\"https:\\\/\\\/ilar.com.al\\\/wp-content\\\/uploads\\\/2026\\\/02\\\/Logo-Ilar.png\",\"contentUrl\":\"https:\\\/\\\/ilar.com.al\\\/wp-content\\\/uploads\\\/2026\\\/02\\\/Logo-Ilar.png\",\"width\":395,\"height\":94,\"caption\":\"Shtypshkronja ilar\"},\"image\":{\"@id\":\"https:\\\/\\\/ilar.com.al\\\/#\\\/schema\\\/logo\\\/image\\\/\"},\"sameAs\":[\"https:\\\/\\\/www.facebook.com\\\/shtypshkronja.ilar\",\"https:\\\/\\\/www.instagram.com\\\/shtypshkronja_ilar\\\/\"]}]}<\/script>\n<!-- \/ Yoast SEO plugin. -->","yoast_head_json":{"title":"Kontakt - Shtypshkronja Ilar","robots":{"index":"index","follow":"follow","max-snippet":"max-snippet:-1","max-image-preview":"max-image-preview:large","max-video-preview":"max-video-preview:-1"},"canonical":"https:\/\/ilar.com.al\/sq\/kontakt\/","og_locale":"sq_AL","og_type":"article","og_title":"Kontakt - Shtypshkronja Ilar","og_description":"Adresa Rruga N\u00ebn\u00eb Tereza, Nd. 44Rinas, Kruj\u00eb \u2013 1504, Albania Telefon +355 67 406 4111 Email ilarcompany@yahoo.com Or\u00ebt e pun\u00ebs E h\u00ebn\u00eb &#8211; E shtun\u00eb: 08:00 &#8211; 16:00 E diel: I mbyllur D\u00ebrgo nj\u00eb mesazh N\u00ebse keni ndonj\u00eb pyetje k\u00ebrkese ose d\u00ebshironi t\u00eb diskutoni, ju lutemi mos hezitoni t\u00eb na kontaktoni:","og_url":"https:\/\/ilar.com.al\/sq\/kontakt\/","og_site_name":"Shtypshkronja Ilar","article_publisher":"https:\/\/www.facebook.com\/shtypshkronja.ilar","article_modified_time":"2026-03-11T12:00:32+00:00","twitter_card":"summary_large_image","schema":{"@context":"https:\/\/schema.org","@graph":[{"@type":"WebPage","@id":"https:\/\/ilar.com.al\/sq\/kontakt\/","url":"https:\/\/ilar.com.al\/sq\/kontakt\/","name":"Kontakt - Shtypshkronja Ilar","isPartOf":{"@id":"https:\/\/ilar.com.al\/#website"},"datePublished":"2022-11-23T00:45:04+00:00","dateModified":"2026-03-11T12:00:32+00:00","breadcrumb":{"@id":"https:\/\/ilar.com.al\/sq\/kontakt\/#breadcrumb"},"inLanguage":"sq-AL","potentialAction":[{"@type":"ReadAction","target":["https:\/\/ilar.com.al\/sq\/kontakt\/"]}]},{"@type":"BreadcrumbList","@id":"https:\/\/ilar.com.al\/sq\/kontakt\/#breadcrumb","itemListElement":[{"@type":"ListItem","position":1,"name":"Home","item":"https:\/\/ilar.com.al\/sq\/"},{"@type":"ListItem","position":2,"name":"Kontakt"}]},{"@type":"WebSite","@id":"https:\/\/ilar.com.al\/#website","url":"https:\/\/ilar.com.al\/","name":"Shtypshkronja ilar","description":"","publisher":{"@id":"https:\/\/ilar.com.al\/#organization"},"potentialAction":[{"@type":"SearchAction","target":{"@type":"EntryPoint","urlTemplate":"https:\/\/ilar.com.al\/?s={search_term_string}"},"query-input":{"@type":"PropertyValueSpecification","valueRequired":true,"valueName":"search_term_string"}}],"inLanguage":"sq-AL"},{"@type":"Organization","@id":"https:\/\/ilar.com.al\/#organization","name":"Shtypshkronja ilar","url":"https:\/\/ilar.com.al\/","logo":{"@type":"ImageObject","inLanguage":"sq-AL","@id":"https:\/\/ilar.com.al\/#\/schema\/logo\/image\/","url":"https:\/\/ilar.com.al\/wp-content\/uploads\/2026\/02\/Logo-Ilar.png","contentUrl":"https:\/\/ilar.com.al\/wp-content\/uploads\/2026\/02\/Logo-Ilar.png","width":395,"height":94,"caption":"Shtypshkronja ilar"},"image":{"@id":"https:\/\/ilar.com.al\/#\/schema\/logo\/image\/"},"sameAs":["https:\/\/www.facebook.com\/shtypshkronja.ilar","https:\/\/www.instagram.com\/shtypshkronja_ilar\/"]}]}},"_links":{"self":[{"href":"https:\/\/ilar.com.al\/sq\/wp-json\/wp\/v2\/pages\/26188","targetHints":{"allow":["GET"]}}],"collection":[{"href":"https:\/\/ilar.com.al\/sq\/wp-json\/wp\/v2\/pages"}],"about":[{"href":"https:\/\/ilar.com.al\/sq\/wp-json\/wp\/v2\/types\/page"}],"author":[{"embeddable":true,"href":"https:\/\/ilar.com.al\/sq\/wp-json\/wp\/v2\/users\/1"}],"replies":[{"embeddable":true,"href":"https:\/\/ilar.com.al\/sq\/wp-json\/wp\/v2\/comments?post=26188"}],"version-history":[{"count":10,"href":"https:\/\/ilar.com.al\/sq\/wp-json\/wp\/v2\/pages\/26188\/revisions"}],"predecessor-version":[{"id":27019,"href":"https:\/\/ilar.com.al\/sq\/wp-json\/wp\/v2\/pages\/26188\/revisions\/27019"}],"wp:attachment":[{"href":"https:\/\/ilar.com.al\/sq\/wp-json\/wp\/v2\/media?parent=26188"}],"curies":[{"name":"wp","href":"https:\/\/api.w.org\/{rel}","templated":true}]}}